{"id":189,"date":"2017-09-19T17:56:07","date_gmt":"2017-09-19T15:56:07","guid":{"rendered":"http:\/\/l-c-consulting.fr\/?page_id=189"},"modified":"2020-11-26T19:08:35","modified_gmt":"2020-11-26T18:08:35","slug":"analyse-comportementale","status":"publish","type":"page","link":"https:\/\/www.l-c-consulting.fr\/index.php\/analyse-comportementale\/","title":{"rendered":"Communication"},"content":{"rendered":"<p>\u00ab\u00a0Tout seul on va plus vite, mais ensemble on va plus loin.\u00a0\u00bb Le travail collaboratif, l&rsquo;esprit d&rsquo;\u00e9quipe, pour le manager et ses \u00e9quipes l&rsquo;ambiance de travail d\u00e9pend de chacun, et de sa capacit\u00e9 \u00e0 comprendre l&rsquo;autre.<\/p>\n<p>Nous sommes certifi\u00e9s \u00e0 la m\u00e9thode AEC, d&rsquo;analyse comportementale qui repose sur les travaux mondialement reconnus de Jung et Marston.<\/p>\n<p>Cette m\u00e9thode permet de mieux se connaitre, mieux comprendre l\u2019autre pour mieux communiquer.<\/p>\n<p><img loading=\"lazy\" decoding=\"async\" class=\"wp-image-360 alignright\" src=\"https:\/\/www.l-c-consulting.fr\/wp-content\/uploads\/2017\/12\/ImageAEC-300x217.jpg\" alt=\"\" width=\"405\" height=\"293\" srcset=\"https:\/\/www.l-c-consulting.fr\/wp-content\/uploads\/2017\/12\/ImageAEC-300x217.jpg 300w, https:\/\/www.l-c-consulting.fr\/wp-content\/uploads\/2017\/12\/ImageAEC-768x555.jpg 768w, https:\/\/www.l-c-consulting.fr\/wp-content\/uploads\/2017\/12\/ImageAEC-1024x740.jpg 1024w, https:\/\/www.l-c-consulting.fr\/wp-content\/uploads\/2017\/12\/ImageAEC.jpg 1191w\" sizes=\"auto, (max-width: 405px) 100vw, 405px\" \/><\/p>\n<ul>\n<li>Comment abordent-ils les probl\u00e8mes et les d\u00e9fis,<\/li>\n<li>Comment interagissent-ils avec les autres,<\/li>\n<li>Comment int\u00e8grent-ils un rythme et un environnement de travail d\u00e9favorable,<\/li>\n<li>Comment r\u00e9agissent-ils aux r\u00e8gles et aux proc\u00e9dures \u00e9tablies par les autres,<\/li>\n<li>Quels sont leurs talents pour l\u2019entreprise,<\/li>\n<li>Quel est leur environnement optimal,<\/li>\n<li>Comment mieux communiquer avec,<\/li>\n<li>Que faut-il \u00e9viter avec eux,<\/li>\n<li>Quelles sont leurs cl\u00e9s de motivation,<\/li>\n<li>Quels sont leurs domaines d\u2019am\u00e9lioration,<\/li>\n<li>Quels sont leurs principaux moteurs,<\/li>\n<li>Quelles sont les cl\u00e9s du management.<\/li>\n<\/ul>\n<p>Cet outil permet un management plus efficace et une meilleure interaction de ses \u00e9quipes.<\/p>\n<p>Hugues Maljournal est certifi\u00e9&nbsp;<a href=\"http:\/\/www.arcencielrh.com\/\"><img loading=\"lazy\" decoding=\"async\" class=\"alignnone size-full wp-image-417\" src=\"https:\/\/www.l-c-consulting.fr\/wp-content\/uploads\/2018\/05\/logo-AEC-retouch\u00e9.png\" alt=\"\" width=\"154\" height=\"114\"><\/a><\/p>\n","protected":false},"excerpt":{"rendered":"<p>\u00ab\u00a0Tout seul on va plus vite, mais ensemble on va plus loin.\u00a0\u00bb Le travail collaboratif, l&rsquo;esprit d&rsquo;\u00e9quipe, pour le manager et ses \u00e9quipes l&rsquo;ambiance de travail d\u00e9pend de chacun, et de sa capacit\u00e9 \u00e0 comprendre l&rsquo;autre. Nous sommes certifi\u00e9s \u00e0 la m\u00e9thode AEC, d&rsquo;analyse comportementale qui repose sur les travaux mondialement reconnus de Jung et [&hellip;]<\/p>\n","protected":false},"author":1,"featured_media":0,"parent":0,"menu_order":0,"comment_status":"closed","ping_status":"closed","template":"template-fullwidth.php","meta":{"footnotes":""},"class_list":["post-189","page","type-page","status-publish","hentry"],"_links":{"self":[{"href":"https:\/\/www.l-c-consulting.fr\/index.php\/wp-json\/wp\/v2\/pages\/189","targetHints":{"allow":["GET"]}}],"collection":[{"href":"https:\/\/www.l-c-consulting.fr\/index.php\/wp-json\/wp\/v2\/pages"}],"about":[{"href":"https:\/\/www.l-c-consulting.fr\/index.php\/wp-json\/wp\/v2\/types\/page"}],"author":[{"embeddable":true,"href":"https:\/\/www.l-c-consulting.fr\/index.php\/wp-json\/wp\/v2\/users\/1"}],"replies":[{"embeddable":true,"href":"https:\/\/www.l-c-consulting.fr\/index.php\/wp-json\/wp\/v2\/comments?post=189"}],"version-history":[{"count":15,"href":"https:\/\/www.l-c-consulting.fr\/index.php\/wp-json\/wp\/v2\/pages\/189\/revisions"}],"predecessor-version":[{"id":436,"href":"https:\/\/www.l-c-consulting.fr\/index.php\/wp-json\/wp\/v2\/pages\/189\/revisions\/436"}],"wp:attachment":[{"href":"https:\/\/www.l-c-consulting.fr\/index.php\/wp-json\/wp\/v2\/media?parent=189"}],"curies":[{"name":"wp","href":"https:\/\/api.w.org\/{rel}","templated":true}]}}