{"id":191,"date":"2017-09-19T17:56:07","date_gmt":"2017-09-19T15:56:07","guid":{"rendered":"http:\/\/l-c-consulting.fr\/?page_id=191"},"modified":"2020-11-26T19:06:36","modified_gmt":"2020-11-26T18:06:36","slug":"developpement-commercial","status":"publish","type":"page","link":"https:\/\/www.l-c-consulting.fr\/index.php\/developpement-commercial\/","title":{"rendered":"Management d&rsquo;entreprise"},"content":{"rendered":"<table width=\"853\">\n<tbody>\n<tr>\n<td width=\"427\">Les chefs d&rsquo;entreprises ont plusieurs r\u00f4les \u00e0 tenir :\n<ul>\n<li>Pilote,<\/li>\n<li>Sachant et garant technique,<\/li>\n<li>Gestionnaire,<\/li>\n<li>Vendeur,<\/li>\n<li>Manager,<\/li>\n<li>R\u00e9seautage, communication,<\/li>\n<li>Community manager,<\/li>\n<li>&#8230;<\/li>\n<\/ul>\n<\/td>\n<td width=\"427\">\u00a0<img loading=\"lazy\" decoding=\"async\" class=\"size-full wp-image-370 aligncenter\" src=\"https:\/\/www.l-c-consulting.fr\/wp-content\/uploads\/2017\/12\/personne-multit\u00e2che-dans-un-bureau-104230246.jpg\" alt=\"\" width=\"240\" height=\"160\" \/><\/td>\n<\/tr>\n<\/tbody>\n<\/table>\n<p>\u00a0<\/p>\n<table style=\"height: 431px;\" width=\"1245\">\n<tbody>\n<tr>\n<td width=\"427\">LC Consulting vous accompagne pour d\u00e9finir la strat\u00e9gie de d\u00e9veloppement et la mettre en \u0153uvre avec efficience :\n<ul>\n<li>Mise en \u0153uvre d&rsquo;actions correctives prioris\u00e9es,<\/li>\n<li>Cr\u00e9ation d&rsquo;outils:\n<ul>\n<li>de vente,<\/li>\n<li>de prospection et communication,<\/li>\n<li>de pilotage,<\/li>\n<\/ul>\n<\/li>\n<li>Accompagnement mensuel:\n<ul>\n<li>vente,<\/li>\n<li>prospection, r\u00e9seautage, communication,<\/li>\n<li>management,<\/li>\n<li>pilotage.<\/li>\n<\/ul>\n<\/li>\n<\/ul>\n<\/td>\n<td width=\"427\">\u00a0<img loading=\"lazy\" decoding=\"async\" class=\" wp-image-368 aligncenter\" src=\"https:\/\/www.l-c-consulting.fr\/wp-content\/uploads\/2017\/12\/photomains-300x93.jpeg\" alt=\"\" width=\"410\" height=\"127\" srcset=\"https:\/\/www.l-c-consulting.fr\/wp-content\/uploads\/2017\/12\/photomains-300x93.jpeg 300w, https:\/\/www.l-c-consulting.fr\/wp-content\/uploads\/2017\/12\/photomains.jpeg 640w\" sizes=\"auto, (max-width: 410px) 100vw, 410px\" \/><\/td>\n<\/tr>\n<\/tbody>\n<\/table>\n<p>Nos missions sont ajust\u00e9es aux besoins particuliers de l&rsquo;entreprise, de son dirigeant, et se pr\u00e9sentent sous la forme d&rsquo;actions ponctuelles et\/ou de suivi r\u00e9gulier.<\/p>\n\n\n<p><\/p>\n","protected":false},"excerpt":{"rendered":"<p>Les chefs d&rsquo;entreprises ont plusieurs r\u00f4les \u00e0 tenir : Pilote, Sachant et garant technique, Gestionnaire, Vendeur, Manager, R\u00e9seautage, communication, Community manager, &#8230; \u00a0 \u00a0 LC Consulting vous accompagne pour d\u00e9finir la strat\u00e9gie de d\u00e9veloppement et la mettre en \u0153uvre avec efficience : Mise en \u0153uvre d&rsquo;actions correctives prioris\u00e9es, Cr\u00e9ation d&rsquo;outils: de vente, de prospection et [&hellip;]<\/p>\n","protected":false},"author":1,"featured_media":0,"parent":0,"menu_order":0,"comment_status":"closed","ping_status":"closed","template":"template-fullwidth.php","meta":{"footnotes":""},"class_list":["post-191","page","type-page","status-publish","hentry"],"_links":{"self":[{"href":"https:\/\/www.l-c-consulting.fr\/index.php\/wp-json\/wp\/v2\/pages\/191","targetHints":{"allow":["GET"]}}],"collection":[{"href":"https:\/\/www.l-c-consulting.fr\/index.php\/wp-json\/wp\/v2\/pages"}],"about":[{"href":"https:\/\/www.l-c-consulting.fr\/index.php\/wp-json\/wp\/v2\/types\/page"}],"author":[{"embeddable":true,"href":"https:\/\/www.l-c-consulting.fr\/index.php\/wp-json\/wp\/v2\/users\/1"}],"replies":[{"embeddable":true,"href":"https:\/\/www.l-c-consulting.fr\/index.php\/wp-json\/wp\/v2\/comments?post=191"}],"version-history":[{"count":11,"href":"https:\/\/www.l-c-consulting.fr\/index.php\/wp-json\/wp\/v2\/pages\/191\/revisions"}],"predecessor-version":[{"id":434,"href":"https:\/\/www.l-c-consulting.fr\/index.php\/wp-json\/wp\/v2\/pages\/191\/revisions\/434"}],"wp:attachment":[{"href":"https:\/\/www.l-c-consulting.fr\/index.php\/wp-json\/wp\/v2\/media?parent=191"}],"curies":[{"name":"wp","href":"https:\/\/api.w.org\/{rel}","templated":true}]}}