{"id":280,"date":"2017-09-20T19:39:20","date_gmt":"2017-09-20T17:39:20","guid":{"rendered":"http:\/\/l-c-consulting.fr\/?page_id=280"},"modified":"2024-10-23T13:26:01","modified_gmt":"2024-10-23T11:26:01","slug":"vos-enjeux","status":"publish","type":"page","link":"https:\/\/www.l-c-consulting.fr\/index.php\/vos-enjeux\/","title":{"rendered":"Adapt\u00e9 \u00e0 vos enjeux"},"content":{"rendered":"\n<p><a>Assurance<\/a><\/p>\n\n\n\n<figure class=\"wp-block-table\"><table class=\"has-fixed-layout\"><tbody><tr><td><a>Automobile<\/a><\/td><td><a>BTP\/Immobilier<\/a><\/td><\/tr><tr><td><a>Industries<\/a><\/td><td><a>Ing\u00e9nierie<\/a><\/td><\/tr><tr><td><a>N\u00e9goce<\/a><\/td><td><a>Sant\u00e9<\/a><\/td><\/tr><tr><td><a>Service\/conseil<\/a><\/td><td><a>IT<\/a><\/td><\/tr><tr><td><a>Transport\/logistique<\/a><\/td><td><\/td><\/tr><\/tbody><\/table><\/figure>\n\n\n\n<p>Chaque m\u00e9tier \u00e0 ses sp\u00e9cificit\u00e9s techniques, ses particularit\u00e9s de march\u00e9, mais les enjeux de d\u00e9veloppement sont les m\u00eames:<\/p>\n\n\n\n<figure class=\"wp-block-table\"><table class=\"has-fixed-layout\"><tbody><tr><td><a>Vendre<\/a><\/td><td><a>Communiquer<\/a><\/td><\/tr><tr><td><a>Piloter<\/a><\/td><td><a>R\u00e9currence de signature<\/a><\/td><\/tr><tr><td><a>Solitude du chef d&rsquo;entreprise<\/a><\/td><td><a>Management<\/a><\/td><\/tr><tr><td><a>Implantations<\/a><\/td><td><a>Rentabilit\u00e9<\/a><\/td><\/tr><\/tbody><\/table><\/figure>\n\n\n\n<p>Notre expertise vient compl\u00e9ter vos comp\u00e9tences m\u00e9tiers pour atteindre les objectifs de croissance que vous vous \u00eates fix\u00e9s.<\/p>\n","protected":false},"excerpt":{"rendered":"<p>Assurance Automobile BTP\/Immobilier Industries Ing\u00e9nierie N\u00e9goce Sant\u00e9 Service\/conseil IT Transport\/logistique Chaque m\u00e9tier \u00e0 ses sp\u00e9cificit\u00e9s techniques, ses particularit\u00e9s de march\u00e9, mais les enjeux de d\u00e9veloppement sont les m\u00eames: Vendre Communiquer Piloter R\u00e9currence de signature Solitude du chef d&rsquo;entreprise Management Implantations Rentabilit\u00e9 Notre expertise vient compl\u00e9ter vos comp\u00e9tences m\u00e9tiers pour atteindre les objectifs de croissance que [&hellip;]<\/p>\n","protected":false},"author":1,"featured_media":0,"parent":0,"menu_order":0,"comment_status":"closed","ping_status":"closed","template":"","meta":{"footnotes":""},"class_list":["post-280","page","type-page","status-publish","hentry"],"_links":{"self":[{"href":"https:\/\/www.l-c-consulting.fr\/index.php\/wp-json\/wp\/v2\/pages\/280","targetHints":{"allow":["GET"]}}],"collection":[{"href":"https:\/\/www.l-c-consulting.fr\/index.php\/wp-json\/wp\/v2\/pages"}],"about":[{"href":"https:\/\/www.l-c-consulting.fr\/index.php\/wp-json\/wp\/v2\/types\/page"}],"author":[{"embeddable":true,"href":"https:\/\/www.l-c-consulting.fr\/index.php\/wp-json\/wp\/v2\/users\/1"}],"replies":[{"embeddable":true,"href":"https:\/\/www.l-c-consulting.fr\/index.php\/wp-json\/wp\/v2\/comments?post=280"}],"version-history":[{"count":18,"href":"https:\/\/www.l-c-consulting.fr\/index.php\/wp-json\/wp\/v2\/pages\/280\/revisions"}],"predecessor-version":[{"id":545,"href":"https:\/\/www.l-c-consulting.fr\/index.php\/wp-json\/wp\/v2\/pages\/280\/revisions\/545"}],"wp:attachment":[{"href":"https:\/\/www.l-c-consulting.fr\/index.php\/wp-json\/wp\/v2\/media?parent=280"}],"curies":[{"name":"wp","href":"https:\/\/api.w.org\/{rel}","templated":true}]}}